{"id":2012,"date":"2026-01-17T01:13:59","date_gmt":"2026-01-17T01:13:59","guid":{"rendered":"https:\/\/neuropuente.cl\/?page_id=2012"},"modified":"2026-01-17T01:14:38","modified_gmt":"2026-01-17T01:14:38","slug":"perfil-profesional","status":"publish","type":"page","link":"https:\/\/neuropuente.cl\/index.php\/perfil-profesional\/","title":{"rendered":"Perfil profesional"},"content":{"rendered":"\t\t<div data-elementor-type=\"wp-page\" data-elementor-id=\"2012\" class=\"elementor elementor-2012\">\n\t\t\t\t<div class=\"elementor-element elementor-element-5149065 e-flex e-con-boxed wpr-particle-no wpr-jarallax-no wpr-parallax-no wpr-sticky-section-no e-con e-parent\" data-id=\"5149065\" data-element_type=\"container\" data-settings=\"{&quot;background_background&quot;:&quot;classic&quot;}\">\n\t\t\t\t\t<div class=\"e-con-inner\">\n\t\t<div class=\"elementor-element elementor-element-855cd65 e-con-full e-flex wpr-particle-no wpr-jarallax-no wpr-parallax-no wpr-sticky-section-no e-con e-child\" data-id=\"855cd65\" data-element_type=\"container\">\n\t\t\t\t<div class=\"elementor-element elementor-element-e5516a6 elementor-widget elementor-widget-heading\" data-id=\"e5516a6\" data-element_type=\"widget\" data-widget_type=\"heading.default\">\n\t\t\t\t\t<h2 class=\"elementor-heading-title elementor-size-default\">Perfil Profesional<\/h2>\t\t\t\t<\/div>\n\t\t\t\t<div class=\"elementor-element elementor-element-582cd07 elementor-widget-divider--view-line elementor-widget elementor-widget-divider\" data-id=\"582cd07\" data-element_type=\"widget\" data-widget_type=\"divider.default\">\n\t\t\t\t\t\t\t<div class=\"elementor-divider\">\n\t\t\t<span class=\"elementor-divider-separator\">\n\t\t\t\t\t\t<\/span>\n\t\t<\/div>\n\t\t\t\t\t\t<\/div>\n\t\t\t\t<\/div>\n\t\t\t\t\t<\/div>\n\t\t\t\t<\/div>\n\t\t<div class=\"elementor-element elementor-element-ec74163 e-flex e-con-boxed wpr-particle-no wpr-jarallax-no wpr-parallax-no wpr-sticky-section-no e-con e-parent\" data-id=\"ec74163\" data-element_type=\"container\">\n\t\t\t\t\t<div class=\"e-con-inner\">\n\t\t<div class=\"elementor-element elementor-element-3f6a40b e-con-full e-flex wpr-particle-no wpr-jarallax-no wpr-parallax-no wpr-sticky-section-no elementor-invisible e-con e-child\" data-id=\"3f6a40b\" data-element_type=\"container\" data-settings=\"{&quot;animation&quot;:&quot;slideInLeft&quot;,&quot;background_background&quot;:&quot;classic&quot;}\">\n\t\t\t\t<div class=\"elementor-element elementor-element-1bc6e69 elementor-widget elementor-widget-text-editor\" data-id=\"1bc6e69\" data-element_type=\"widget\" data-widget_type=\"text-editor.default\">\n\t\t\t\t\t\t\t\t\t<div class=\"s3\"><p class=\"s2\">Soy psic\u00f3loga con m\u00e1s de 14 a\u00f1os de experiencia profesional. Me he especializado en el trabajo con poblaci\u00f3n neurodivergente en las distintas etapas del ciclo vital, abordando trastornos del neurodesarrollo como el Trastorno del Espectro Autista (TEA), el Trastorno por D\u00e9ficit de Atenci\u00f3n con o sin Hiperactividad (TDAH) y la discapacidad intelectual.<\/p><p class=\"s2\">Durante los \u00faltimos a\u00f1os, he centrado mi pr\u00e1ctica cl\u00ednica en la evaluaci\u00f3n neuropsicol\u00f3gica, el psicodiagn\u00f3stico y el acompa\u00f1amiento familiar, ofreciendo un enfoque integral, riguroso y emp\u00e1tico. Cuento con formaci\u00f3n avanzada en neuropsicolog\u00eda cl\u00ednica y evaluaci\u00f3n psicom\u00e9trica, y actualmente curso un Mag\u00edster en Neurodivergencias.<\/p><p class=\"s2\">En Neuropuente, mi compromiso es brindar evaluaciones personalizadas y fundamentadas t\u00e9cnicamente, que permitan comprender en profundidad las necesidades de cada persona y entregar orientaciones claras que contribuyan a mejorar su bienestar y su participaci\u00f3n en los distintos contextos de su vida.<\/p><p class=\"s2\">Como profesional inscrita en el Registro Nacional de Prestadores Individuales de Salud, me encuentro habilitada para emitir boletas de honorarios reembolsables en Isapres y\/o seguros complementarios de salud.<\/p><\/div>\t\t\t\t\t\t\t\t<\/div>\n\t\t\t\t<\/div>\n\t\t\t\t\t<\/div>\n\t\t\t\t<\/div>\n\t\t\t\t<\/div>\n\t\t","protected":false},"excerpt":{"rendered":"<p>Perfil Profesional Soy psic\u00f3loga con m\u00e1s de 14 a\u00f1os de experiencia profesional. Me he especializado en el trabajo con poblaci\u00f3n neurodivergente en las distintas etapas del ciclo vital, abordando trastornos del neurodesarrollo como el Trastorno del Espectro Autista (TEA), el Trastorno por D\u00e9ficit de Atenci\u00f3n con o sin Hiperactividad (TDAH) y la discapacidad intelectual. Durante los \u00faltimos a\u00f1os, he centrado mi pr\u00e1ctica cl\u00ednica en la evaluaci\u00f3n neuropsicol\u00f3gica, el psicodiagn\u00f3stico y el acompa\u00f1amiento familiar, ofreciendo un enfoque integral, riguroso y emp\u00e1tico. Cuento con formaci\u00f3n avanzada en neuropsicolog\u00eda cl\u00ednica y evaluaci\u00f3n psicom\u00e9trica, y actualmente curso un Mag\u00edster en Neurodivergencias. En Neuropuente, mi compromiso es brindar evaluaciones personalizadas y fundamentadas t\u00e9cnicamente, que permitan comprender en profundidad las necesidades de cada persona y entregar orientaciones claras que contribuyan a mejorar su bienestar y su participaci\u00f3n en los distintos contextos de su vida. Como profesional inscrita en el Registro Nacional de Prestadores Individuales de Salud, me encuentro habilitada para emitir boletas de honorarios reembolsables en Isapres y\/o seguros complementarios de salud.<\/p>\n","protected":false},"author":1,"featured_media":0,"parent":0,"menu_order":0,"comment_status":"closed","ping_status":"closed","template":"elementor_canvas","meta":{"footnotes":""},"class_list":["post-2012","page","type-page","status-publish","hentry"],"_links":{"self":[{"href":"https:\/\/neuropuente.cl\/index.php\/wp-json\/wp\/v2\/pages\/2012","targetHints":{"allow":["GET"]}}],"collection":[{"href":"https:\/\/neuropuente.cl\/index.php\/wp-json\/wp\/v2\/pages"}],"about":[{"href":"https:\/\/neuropuente.cl\/index.php\/wp-json\/wp\/v2\/types\/page"}],"author":[{"embeddable":true,"href":"https:\/\/neuropuente.cl\/index.php\/wp-json\/wp\/v2\/users\/1"}],"replies":[{"embeddable":true,"href":"https:\/\/neuropuente.cl\/index.php\/wp-json\/wp\/v2\/comments?post=2012"}],"version-history":[{"count":4,"href":"https:\/\/neuropuente.cl\/index.php\/wp-json\/wp\/v2\/pages\/2012\/revisions"}],"predecessor-version":[{"id":2016,"href":"https:\/\/neuropuente.cl\/index.php\/wp-json\/wp\/v2\/pages\/2012\/revisions\/2016"}],"wp:attachment":[{"href":"https:\/\/neuropuente.cl\/index.php\/wp-json\/wp\/v2\/media?parent=2012"}],"curies":[{"name":"wp","href":"https:\/\/api.w.org\/{rel}","templated":true}]}}