{"id":1996,"date":"2026-01-17T01:10:43","date_gmt":"2026-01-17T01:10:43","guid":{"rendered":"https:\/\/neuropuente.cl\/?page_id=1996"},"modified":"2026-01-17T01:12:07","modified_gmt":"2026-01-17T01:12:07","slug":"psicoterapia-infanto-juvenil-y-adultos","status":"publish","type":"page","link":"https:\/\/neuropuente.cl\/index.php\/psicoterapia-infanto-juvenil-y-adultos\/","title":{"rendered":"Psicoterapia infanto-juvenil y adultos"},"content":{"rendered":"\t\t<div data-elementor-type=\"wp-page\" data-elementor-id=\"1996\" class=\"elementor elementor-1996\">\n\t\t\t\t<div class=\"elementor-element elementor-element-5149065 e-flex e-con-boxed wpr-particle-no wpr-jarallax-no wpr-parallax-no wpr-sticky-section-no e-con e-parent\" data-id=\"5149065\" data-element_type=\"container\" data-settings=\"{&quot;background_background&quot;:&quot;classic&quot;}\">\n\t\t\t\t\t<div class=\"e-con-inner\">\n\t\t<div class=\"elementor-element elementor-element-855cd65 e-con-full e-flex wpr-particle-no wpr-jarallax-no wpr-parallax-no wpr-sticky-section-no e-con e-child\" data-id=\"855cd65\" data-element_type=\"container\">\n\t\t\t\t<div class=\"elementor-element elementor-element-e5516a6 elementor-widget elementor-widget-heading\" data-id=\"e5516a6\" data-element_type=\"widget\" data-widget_type=\"heading.default\">\n\t\t\t\t\t<h2 class=\"elementor-heading-title elementor-size-default\">Psicoterapia infanto-juvenil y adultos<\/h2>\t\t\t\t<\/div>\n\t\t\t\t<div class=\"elementor-element elementor-element-582cd07 elementor-widget-divider--view-line elementor-widget elementor-widget-divider\" data-id=\"582cd07\" data-element_type=\"widget\" data-widget_type=\"divider.default\">\n\t\t\t\t\t\t\t<div class=\"elementor-divider\">\n\t\t\t<span class=\"elementor-divider-separator\">\n\t\t\t\t\t\t<\/span>\n\t\t<\/div>\n\t\t\t\t\t\t<\/div>\n\t\t\t\t<\/div>\n\t\t\t\t\t<\/div>\n\t\t\t\t<\/div>\n\t\t<div class=\"elementor-element elementor-element-ec74163 e-flex e-con-boxed wpr-particle-no wpr-jarallax-no wpr-parallax-no wpr-sticky-section-no e-con e-parent\" data-id=\"ec74163\" data-element_type=\"container\">\n\t\t\t\t\t<div class=\"e-con-inner\">\n\t\t<div class=\"elementor-element elementor-element-3f6a40b e-con-full e-flex wpr-particle-no wpr-jarallax-no wpr-parallax-no wpr-sticky-section-no elementor-invisible e-con e-child\" data-id=\"3f6a40b\" data-element_type=\"container\" data-settings=\"{&quot;animation&quot;:&quot;slideInLeft&quot;,&quot;background_background&quot;:&quot;classic&quot;}\">\n\t\t\t\t<div class=\"elementor-element elementor-element-1bc6e69 elementor-widget elementor-widget-text-editor\" data-id=\"1bc6e69\" data-element_type=\"widget\" data-widget_type=\"text-editor.default\">\n\t\t\t\t\t\t\t\t\t<div class=\"s3\">Psicoterapia infanto-juvenil y adultos<\/div><p class=\"s2\">Servicio de atenci\u00f3n psicol\u00f3gica orientado al acompa\u00f1amiento terap\u00e9utico de ni\u00f1os, adolescentes y adultos en procesos relacionados con el bienestar emocional, la regulaci\u00f3n conductual y los desaf\u00edos del desarrollo.<\/p><p class=\"s2\">El enfoque de trabajo es integrativo, incorporando herramientas de la psicolog\u00eda cl\u00ednica, la terapia sist\u00e9mica y la comprensi\u00f3n del funcionamiento neurodivergente, adaptando la intervenci\u00f3n a las caracter\u00edsticas y necesidades de cada persona.<\/p><p class=\"s2\">Las sesiones buscan fortalecer recursos personales, favorecer la comprensi\u00f3n emocional, promover v\u00ednculos saludables y acompa\u00f1ar procesos de cambio desde una mirada emp\u00e1tica, respetuosa y centrada en la persona.<\/p><p class=\"s2\"><strong>Valor: $40.000<\/strong><\/p>\t\t\t\t\t\t\t\t<\/div>\n\t\t\t\t<\/div>\n\t\t\t\t\t<\/div>\n\t\t\t\t<\/div>\n\t\t\t\t<\/div>\n\t\t","protected":false},"excerpt":{"rendered":"<p>Psicoterapia infanto-juvenil y adultos Psicoterapia infanto-juvenil y adultos Servicio de atenci\u00f3n psicol\u00f3gica orientado al acompa\u00f1amiento terap\u00e9utico de ni\u00f1os, adolescentes y adultos en procesos relacionados con el bienestar emocional, la regulaci\u00f3n conductual y los desaf\u00edos del desarrollo. El enfoque de trabajo es integrativo, incorporando herramientas de la psicolog\u00eda cl\u00ednica, la terapia sist\u00e9mica y la comprensi\u00f3n del funcionamiento neurodivergente, adaptando la intervenci\u00f3n a las caracter\u00edsticas y necesidades de cada persona. Las sesiones buscan fortalecer recursos personales, favorecer la comprensi\u00f3n emocional, promover v\u00ednculos saludables y acompa\u00f1ar procesos de cambio desde una mirada emp\u00e1tica, respetuosa y centrada en la persona. Valor: $40.000<\/p>\n","protected":false},"author":1,"featured_media":0,"parent":0,"menu_order":0,"comment_status":"closed","ping_status":"closed","template":"elementor_canvas","meta":{"footnotes":""},"class_list":["post-1996","page","type-page","status-publish","hentry"],"_links":{"self":[{"href":"https:\/\/neuropuente.cl\/index.php\/wp-json\/wp\/v2\/pages\/1996","targetHints":{"allow":["GET"]}}],"collection":[{"href":"https:\/\/neuropuente.cl\/index.php\/wp-json\/wp\/v2\/pages"}],"about":[{"href":"https:\/\/neuropuente.cl\/index.php\/wp-json\/wp\/v2\/types\/page"}],"author":[{"embeddable":true,"href":"https:\/\/neuropuente.cl\/index.php\/wp-json\/wp\/v2\/users\/1"}],"replies":[{"embeddable":true,"href":"https:\/\/neuropuente.cl\/index.php\/wp-json\/wp\/v2\/comments?post=1996"}],"version-history":[{"count":4,"href":"https:\/\/neuropuente.cl\/index.php\/wp-json\/wp\/v2\/pages\/1996\/revisions"}],"predecessor-version":[{"id":2008,"href":"https:\/\/neuropuente.cl\/index.php\/wp-json\/wp\/v2\/pages\/1996\/revisions\/2008"}],"wp:attachment":[{"href":"https:\/\/neuropuente.cl\/index.php\/wp-json\/wp\/v2\/media?parent=1996"}],"curies":[{"name":"wp","href":"https:\/\/api.w.org\/{rel}","templated":true}]}}