{"id":1994,"date":"2026-01-17T01:09:07","date_gmt":"2026-01-17T01:09:07","guid":{"rendered":"https:\/\/neuropuente.cl\/?page_id=1994"},"modified":"2026-01-17T01:09:07","modified_gmt":"2026-01-17T01:09:07","slug":"asesoria-en-trastornos-del-neurodesarrollo","status":"publish","type":"page","link":"https:\/\/neuropuente.cl\/index.php\/asesoria-en-trastornos-del-neurodesarrollo\/","title":{"rendered":"Asesor\u00eda en trastornos del neurodesarrollo"},"content":{"rendered":"\t\t<div data-elementor-type=\"wp-page\" data-elementor-id=\"1994\" class=\"elementor elementor-1994\">\n\t\t\t\t<div class=\"elementor-element elementor-element-5149065 e-flex e-con-boxed wpr-particle-no wpr-jarallax-no wpr-parallax-no wpr-sticky-section-no e-con e-parent\" data-id=\"5149065\" data-element_type=\"container\" data-settings=\"{&quot;background_background&quot;:&quot;classic&quot;}\">\n\t\t\t\t\t<div class=\"e-con-inner\">\n\t\t<div class=\"elementor-element elementor-element-855cd65 e-con-full e-flex wpr-particle-no wpr-jarallax-no wpr-parallax-no wpr-sticky-section-no e-con e-child\" data-id=\"855cd65\" data-element_type=\"container\">\n\t\t\t\t<div class=\"elementor-element elementor-element-e5516a6 elementor-widget elementor-widget-heading\" data-id=\"e5516a6\" data-element_type=\"widget\" data-widget_type=\"heading.default\">\n\t\t\t\t\t<h2 class=\"elementor-heading-title elementor-size-default\">Asesor\u00eda en trastornos del neurodesarrollo<\/h2>\t\t\t\t<\/div>\n\t\t\t\t<div class=\"elementor-element elementor-element-582cd07 elementor-widget-divider--view-line elementor-widget elementor-widget-divider\" data-id=\"582cd07\" data-element_type=\"widget\" data-widget_type=\"divider.default\">\n\t\t\t\t\t\t\t<div class=\"elementor-divider\">\n\t\t\t<span class=\"elementor-divider-separator\">\n\t\t\t\t\t\t<\/span>\n\t\t<\/div>\n\t\t\t\t\t\t<\/div>\n\t\t\t\t<\/div>\n\t\t\t\t\t<\/div>\n\t\t\t\t<\/div>\n\t\t<div class=\"elementor-element elementor-element-ec74163 e-flex e-con-boxed wpr-particle-no wpr-jarallax-no wpr-parallax-no wpr-sticky-section-no e-con e-parent\" data-id=\"ec74163\" data-element_type=\"container\">\n\t\t\t\t\t<div class=\"e-con-inner\">\n\t\t<div class=\"elementor-element elementor-element-3f6a40b e-con-full e-flex wpr-particle-no wpr-jarallax-no wpr-parallax-no wpr-sticky-section-no elementor-invisible e-con e-child\" data-id=\"3f6a40b\" data-element_type=\"container\" data-settings=\"{&quot;animation&quot;:&quot;slideInLeft&quot;,&quot;background_background&quot;:&quot;classic&quot;}\">\n\t\t\t\t<div class=\"elementor-element elementor-element-1bc6e69 elementor-widget elementor-widget-text-editor\" data-id=\"1bc6e69\" data-element_type=\"widget\" data-widget_type=\"text-editor.default\">\n\t\t\t\t\t\t\t\t\t<p class=\"s2\">Servicio dirigido a familias, cuidadores y profesionales que requieren orientaci\u00f3n cl\u00ednica especializada frente a sospechas diagn\u00f3sticas, diagn\u00f3sticos recientes o desaf\u00edos asociados a trastornos del neurodesarrollo, como autismo, TDAH y discapacidad intelectual.<\/p><p class=\"s2\">A trav\u00e9s de una o m\u00e1s sesiones, se entrega informaci\u00f3n clara y actualizada sobre el diagn\u00f3stico, su impacto en el desarrollo, las necesidades de apoyo, la pertinencia de derivaciones a otros profesionales, rutas de intervenci\u00f3n, recursos disponibles y estrategias pr\u00e1cticas para el hogar o el contexto educativo.<\/p><p class=\"s2\">La asesor\u00eda puede realizarse con o sin evaluaci\u00f3n previa y tambi\u00e9n est\u00e1 disponible como complemento a informes diagn\u00f3sticos.<\/p><p class=\"s2\"><strong>Valor: $40.000<\/strong><\/p>\t\t\t\t\t\t\t\t<\/div>\n\t\t\t\t<\/div>\n\t\t\t\t\t<\/div>\n\t\t\t\t<\/div>\n\t\t\t\t<\/div>\n\t\t","protected":false},"excerpt":{"rendered":"<p>Asesor\u00eda en trastornos del neurodesarrollo Servicio dirigido a familias, cuidadores y profesionales que requieren orientaci\u00f3n cl\u00ednica especializada frente a sospechas diagn\u00f3sticas, diagn\u00f3sticos recientes o desaf\u00edos asociados a trastornos del neurodesarrollo, como autismo, TDAH y discapacidad intelectual. A trav\u00e9s de una o m\u00e1s sesiones, se entrega informaci\u00f3n clara y actualizada sobre el diagn\u00f3stico, su impacto en el desarrollo, las necesidades de apoyo, la pertinencia de derivaciones a otros profesionales, rutas de intervenci\u00f3n, recursos disponibles y estrategias pr\u00e1cticas para el hogar o el contexto educativo. La asesor\u00eda puede realizarse con o sin evaluaci\u00f3n previa y tambi\u00e9n est\u00e1 disponible como complemento a informes diagn\u00f3sticos. Valor: $40.000<\/p>\n","protected":false},"author":1,"featured_media":0,"parent":0,"menu_order":0,"comment_status":"closed","ping_status":"closed","template":"elementor_canvas","meta":{"footnotes":""},"class_list":["post-1994","page","type-page","status-publish","hentry"],"_links":{"self":[{"href":"https:\/\/neuropuente.cl\/index.php\/wp-json\/wp\/v2\/pages\/1994","targetHints":{"allow":["GET"]}}],"collection":[{"href":"https:\/\/neuropuente.cl\/index.php\/wp-json\/wp\/v2\/pages"}],"about":[{"href":"https:\/\/neuropuente.cl\/index.php\/wp-json\/wp\/v2\/types\/page"}],"author":[{"embeddable":true,"href":"https:\/\/neuropuente.cl\/index.php\/wp-json\/wp\/v2\/users\/1"}],"replies":[{"embeddable":true,"href":"https:\/\/neuropuente.cl\/index.php\/wp-json\/wp\/v2\/comments?post=1994"}],"version-history":[{"count":1,"href":"https:\/\/neuropuente.cl\/index.php\/wp-json\/wp\/v2\/pages\/1994\/revisions"}],"predecessor-version":[{"id":1995,"href":"https:\/\/neuropuente.cl\/index.php\/wp-json\/wp\/v2\/pages\/1994\/revisions\/1995"}],"wp:attachment":[{"href":"https:\/\/neuropuente.cl\/index.php\/wp-json\/wp\/v2\/media?parent=1994"}],"curies":[{"name":"wp","href":"https:\/\/api.w.org\/{rel}","templated":true}]}}