{"id":1983,"date":"2026-01-17T01:02:59","date_gmt":"2026-01-17T01:02:59","guid":{"rendered":"https:\/\/neuropuente.cl\/?page_id=1983"},"modified":"2026-01-17T01:09:52","modified_gmt":"2026-01-17T01:09:52","slug":"evaluacion-neuropsicologica","status":"publish","type":"page","link":"https:\/\/neuropuente.cl\/index.php\/evaluacion-neuropsicologica\/","title":{"rendered":"Evaluaci\u00f3n neuropsicol\u00f3gica"},"content":{"rendered":"\t\t<div data-elementor-type=\"wp-page\" data-elementor-id=\"1983\" class=\"elementor elementor-1983\">\n\t\t\t\t<div class=\"elementor-element elementor-element-5149065 e-flex e-con-boxed wpr-particle-no wpr-jarallax-no wpr-parallax-no wpr-sticky-section-no e-con e-parent\" data-id=\"5149065\" data-element_type=\"container\" data-settings=\"{&quot;background_background&quot;:&quot;classic&quot;}\">\n\t\t\t\t\t<div class=\"e-con-inner\">\n\t\t<div class=\"elementor-element elementor-element-855cd65 e-con-full e-flex wpr-particle-no wpr-jarallax-no wpr-parallax-no wpr-sticky-section-no e-con e-child\" data-id=\"855cd65\" data-element_type=\"container\">\n\t\t\t\t<div class=\"elementor-element elementor-element-e5516a6 elementor-widget elementor-widget-heading\" data-id=\"e5516a6\" data-element_type=\"widget\" data-widget_type=\"heading.default\">\n\t\t\t\t\t<h2 class=\"elementor-heading-title elementor-size-default\">Evaluaci\u00f3n neuropsicol\u00f3gica<\/h2>\t\t\t\t<\/div>\n\t\t\t\t<div class=\"elementor-element elementor-element-582cd07 elementor-widget-divider--view-line elementor-widget elementor-widget-divider\" data-id=\"582cd07\" data-element_type=\"widget\" data-widget_type=\"divider.default\">\n\t\t\t\t\t\t\t<div class=\"elementor-divider\">\n\t\t\t<span class=\"elementor-divider-separator\">\n\t\t\t\t\t\t<\/span>\n\t\t<\/div>\n\t\t\t\t\t\t<\/div>\n\t\t\t\t<\/div>\n\t\t\t\t\t<\/div>\n\t\t\t\t<\/div>\n\t\t<div class=\"elementor-element elementor-element-ec74163 e-flex e-con-boxed wpr-particle-no wpr-jarallax-no wpr-parallax-no wpr-sticky-section-no e-con e-parent\" data-id=\"ec74163\" data-element_type=\"container\">\n\t\t\t\t\t<div class=\"e-con-inner\">\n\t\t<div class=\"elementor-element elementor-element-3f6a40b e-con-full e-flex wpr-particle-no wpr-jarallax-no wpr-parallax-no wpr-sticky-section-no elementor-invisible e-con e-child\" data-id=\"3f6a40b\" data-element_type=\"container\" data-settings=\"{&quot;animation&quot;:&quot;slideInLeft&quot;,&quot;background_background&quot;:&quot;classic&quot;}\">\n\t\t\t\t<div class=\"elementor-element elementor-element-1bc6e69 elementor-widget elementor-widget-text-editor\" data-id=\"1bc6e69\" data-element_type=\"widget\" data-widget_type=\"text-editor.default\">\n\t\t\t\t\t\t\t\t\t<p class=\"s2\">La evaluaci\u00f3n neuropsicol\u00f3gica es un proceso cl\u00ednico que permite comprender el funcionamiento cognitivo y emocional de una persona en \u00e1reas como la atenci\u00f3n, la memoria, el lenguaje, el razonamiento, las funciones ejecutivas, la regulaci\u00f3n emocional y la conducta.<\/p><p class=\"s2\">Su objetivo principal es establecer el perfil cognitivo del individuo, identificando fortalezas y \u00e1reas de dificultad, con el fin de orientar apoyos, intervenciones y decisiones en contextos educativos, familiares y cl\u00ednicos.<\/p><p class=\"s2\">\u00bfEn qu\u00e9 consiste?<\/p><p class=\"s2\">La evaluaci\u00f3n neuropsicol\u00f3gica corresponde a un proceso estructurado que utiliza instrumentos estandarizados y validados cient\u00edficamente para medir distintas habilidades cognitivas y emocionales. Este proceso incluye:<\/p><p class=\"s2\">\u2022 Entrevista cl\u00ednica inicial, orientada a conocer la historia personal, familiar, educativa y de salud.<br \/>\u2022 Aplicaci\u00f3n de pruebas neuropsicol\u00f3gicas, ajustadas a la edad y caracter\u00edsticas de la persona evaluada.<br \/>\u2022 Observaci\u00f3n cl\u00ednica directa y, cuando es necesario, recopilaci\u00f3n de informaci\u00f3n complementaria (informes escolares, entrevistas adicionales, entre otros).<br \/>\u2022 Elaboraci\u00f3n de un informe profesional completo, que incluye resultados, conclusiones diagn\u00f3sticas (cuando corresponda) y orientaciones claras para la familia y\/o el entorno educativo.<br \/>\u2022 Sesi\u00f3n de devoluci\u00f3n, en la cual se explican los hallazgos y se entregan recomendaciones espec\u00edficas, priorizando la comprensi\u00f3n de los resultados m\u00e1s all\u00e1 de los tecnicismos.<\/p><p class=\"s2\">Esta evaluaci\u00f3n permite una comprensi\u00f3n profunda del funcionamiento cognitivo y conductual, facilitando la toma de decisiones informadas y el dise\u00f1o de estrategias ajustadas a cada persona.<\/p><p class=\"s2\">No se requiere orden m\u00e9dica para solicitar una evaluaci\u00f3n neuropsicol\u00f3gica. La atenci\u00f3n es presencial, se realiza entre cuatro y seis sesiones y est\u00e1 disponible desde los 6 a\u00f1os en adelante.<\/p><p class=\"s2\"><strong>Valor: $300.000<\/strong><\/p>\t\t\t\t\t\t\t\t<\/div>\n\t\t\t\t<\/div>\n\t\t\t\t\t<\/div>\n\t\t\t\t<\/div>\n\t\t\t\t<\/div>\n\t\t","protected":false},"excerpt":{"rendered":"<p>Evaluaci\u00f3n neuropsicol\u00f3gica La evaluaci\u00f3n neuropsicol\u00f3gica es un proceso cl\u00ednico que permite comprender el funcionamiento cognitivo y emocional de una persona en \u00e1reas como la atenci\u00f3n, la memoria, el lenguaje, el razonamiento, las funciones ejecutivas, la regulaci\u00f3n emocional y la conducta. Su objetivo principal es establecer el perfil cognitivo del individuo, identificando fortalezas y \u00e1reas de dificultad, con el fin de orientar apoyos, intervenciones y decisiones en contextos educativos, familiares y cl\u00ednicos. \u00bfEn qu\u00e9 consiste? La evaluaci\u00f3n neuropsicol\u00f3gica corresponde a un proceso estructurado que utiliza instrumentos estandarizados y validados cient\u00edficamente para medir distintas habilidades cognitivas y emocionales. Este proceso incluye: \u2022 Entrevista cl\u00ednica inicial, orientada a conocer la historia personal, familiar, educativa y de salud.\u2022 Aplicaci\u00f3n de pruebas neuropsicol\u00f3gicas, ajustadas a la edad y caracter\u00edsticas de la persona evaluada.\u2022 Observaci\u00f3n cl\u00ednica directa y, cuando es necesario, recopilaci\u00f3n de informaci\u00f3n complementaria (informes escolares, entrevistas adicionales, entre otros).\u2022 Elaboraci\u00f3n de un informe profesional completo, que incluye resultados, conclusiones diagn\u00f3sticas (cuando corresponda) y orientaciones claras para la familia y\/o el entorno educativo.\u2022 Sesi\u00f3n de devoluci\u00f3n, en la cual se explican los hallazgos y se entregan recomendaciones espec\u00edficas, priorizando la comprensi\u00f3n de los resultados m\u00e1s all\u00e1 de los tecnicismos. Esta evaluaci\u00f3n permite una comprensi\u00f3n profunda del funcionamiento cognitivo y conductual, facilitando la toma de decisiones informadas y el dise\u00f1o de estrategias ajustadas a cada persona. No se requiere orden m\u00e9dica para solicitar una evaluaci\u00f3n neuropsicol\u00f3gica. La atenci\u00f3n es presencial, se realiza entre cuatro y seis sesiones y est\u00e1 disponible desde los 6 a\u00f1os en adelante. Valor: $300.000<\/p>\n","protected":false},"author":1,"featured_media":0,"parent":0,"menu_order":0,"comment_status":"closed","ping_status":"closed","template":"elementor_canvas","meta":{"footnotes":""},"class_list":["post-1983","page","type-page","status-publish","hentry"],"_links":{"self":[{"href":"https:\/\/neuropuente.cl\/index.php\/wp-json\/wp\/v2\/pages\/1983","targetHints":{"allow":["GET"]}}],"collection":[{"href":"https:\/\/neuropuente.cl\/index.php\/wp-json\/wp\/v2\/pages"}],"about":[{"href":"https:\/\/neuropuente.cl\/index.php\/wp-json\/wp\/v2\/types\/page"}],"author":[{"embeddable":true,"href":"https:\/\/neuropuente.cl\/index.php\/wp-json\/wp\/v2\/users\/1"}],"replies":[{"embeddable":true,"href":"https:\/\/neuropuente.cl\/index.php\/wp-json\/wp\/v2\/comments?post=1983"}],"version-history":[{"count":13,"href":"https:\/\/neuropuente.cl\/index.php\/wp-json\/wp\/v2\/pages\/1983\/revisions"}],"predecessor-version":[{"id":1999,"href":"https:\/\/neuropuente.cl\/index.php\/wp-json\/wp\/v2\/pages\/1983\/revisions\/1999"}],"wp:attachment":[{"href":"https:\/\/neuropuente.cl\/index.php\/wp-json\/wp\/v2\/media?parent=1983"}],"curies":[{"name":"wp","href":"https:\/\/api.w.org\/{rel}","templated":true}]}}